{"id":1105,"date":"2025-01-07T13:59:02","date_gmt":"2025-01-07T13:59:02","guid":{"rendered":"https:\/\/miljoegruppen.dk\/?page_id=1105"},"modified":"2025-01-08T12:47:33","modified_gmt":"2025-01-08T12:47:33","slug":"blog","status":"publish","type":"page","link":"https:\/\/miljoegruppen.dk\/en\/blog\/","title":{"rendered":"Blog"},"content":{"rendered":"<div data-elementor-type=\"wp-page\" data-elementor-id=\"1105\" class=\"elementor elementor-1105\" data-elementor-post-type=\"page\">\n\t\t\t\t<div class=\"elementor-element elementor-element-32a9692 e-flex e-con-boxed e-con e-parent\" data-id=\"32a9692\" data-element_type=\"container\" data-e-type=\"container\">\n\t\t\t\t\t<div class=\"e-con-inner\">\n\t\t\t\t<div class=\"elementor-element elementor-element-9400bf6 elementor-widget elementor-widget-heading\" data-id=\"9400bf6\" data-element_type=\"widget\" data-e-type=\"widget\" data-widget_type=\"heading.default\">\n\t\t\t\t\t<h1 class=\"elementor-heading-title elementor-size-default\"><strong>Blog<\/strong> about all things asbestos, demolition and environmental remediation<\/h1>\t\t\t\t<\/div>\n\t\t\t\t<div class=\"elementor-element elementor-element-809ab20 elementor-widget elementor-widget-text-editor\" data-id=\"809ab20\" data-element_type=\"widget\" data-e-type=\"widget\" data-widget_type=\"text-editor.default\">\n\t\t\t\t\t\t\t\t\t<p>On the blog, we share our experiences, give you insight into how we work and keep you updated on legislation and new initiatives. You can also find advice on how to handle environmentally hazardous materials. We believe that the more you know, the safer you feel - and we want to make it all a little easier to understand.<\/p>\t\t\t\t\t\t\t\t<\/div>\n\t\t\t\t<div class=\"elementor-element elementor-element-4ab7dd5 elementor-posts__hover-none elementor-grid-3 elementor-grid-tablet-2 elementor-grid-mobile-1 elementor-posts--thumbnail-top elementor-widget elementor-widget-posts\" data-id=\"4ab7dd5\" data-element_type=\"widget\" data-e-type=\"widget\" data-settings=\"{&quot;pagination_type&quot;:&quot;load_more_infinite_scroll&quot;,&quot;cards_columns&quot;:&quot;3&quot;,&quot;cards_columns_tablet&quot;:&quot;2&quot;,&quot;cards_columns_mobile&quot;:&quot;1&quot;,&quot;cards_row_gap&quot;:{&quot;unit&quot;:&quot;px&quot;,&quot;size&quot;:35,&quot;sizes&quot;:[]},&quot;cards_row_gap_tablet&quot;:{&quot;unit&quot;:&quot;px&quot;,&quot;size&quot;:&quot;&quot;,&quot;sizes&quot;:[]},&quot;cards_row_gap_mobile&quot;:{&quot;unit&quot;:&quot;px&quot;,&quot;size&quot;:&quot;&quot;,&quot;sizes&quot;:[]},&quot;load_more_spinner&quot;:{&quot;value&quot;:&quot;fas fa-spinner&quot;,&quot;library&quot;:&quot;fa-solid&quot;}}\" data-widget_type=\"posts.cards\">\n\t\t\t\t<div class=\"elementor-widget-container\">\n\t\t\t\t\t\t\t<div class=\"elementor-posts-container elementor-posts elementor-posts--skin-cards elementor-grid\" role=\"list\">\n\t\t\t\t<article class=\"elementor-post elementor-grid-item post-1743 post type-post status-publish format-standard hentry category-uncategorized\" role=\"listitem\">\n\t\t\t<div class=\"elementor-post__card\">\n\t\t\t\t<div class=\"elementor-post__text\">\n\t\t\t\t<h3 class=\"elementor-post__title\">\n\t\t\t<a href=\"https:\/\/miljoegruppen.dk\/en\/the-environmental-group-is-certified\/\" >\n\t\t\t\tMilj\u00f8Gruppen is now officially certified by Byggeriets Kvalitetskontrol\t\t\t<\/a>\n\t\t<\/h3>\n\t\t\t\t<div class=\"elementor-post__excerpt\">\n\t\t\t<p>We are proud to announce that Milj\u00f8Gruppen ApS has just passed our first audit at Byggeriets Kvalitetskontrol - and has been issued a certificate<\/p>\n\t\t<\/div>\n\t\t\t\t<\/div>\n\t\t\t\t<div class=\"elementor-post__meta-data\">\n\t\t\t\t\t<span class=\"elementor-post-date\">\n\t\t\tNovember 17, 2025\t\t<\/span>\n\t\t\t\t<\/div>\n\t\t\t\t\t<\/div>\n\t\t<\/article>\n\t\t\t\t<article class=\"elementor-post elementor-grid-item post-1540 post type-post status-publish format-standard has-post-thumbnail hentry category-asbest tag-anbefaling tag-hoejtryksrense-et-asbesttag\" role=\"listitem\">\n\t\t\t<div class=\"elementor-post__card\">\n\t\t\t\t<a class=\"elementor-post__thumbnail__link\" href=\"https:\/\/miljoegruppen.dk\/en\/why-you-should-never-pressure-wash-an-asbestos-roof\/\" tabindex=\"-1\" ><div class=\"elementor-post__thumbnail\"><img fetchpriority=\"high\" decoding=\"async\" width=\"683\" height=\"1024\" src=\"https:\/\/miljoegruppen.dk\/wp-content\/uploads\/closeup-shot-of-roof-tiles-covered-in-rust-under-t-2023-11-27-05-10-54-utc-edited-683x1024.webp\" class=\"attachment-large size-large wp-image-1145\" alt=\"asbestos roof dismantling\" srcset=\"https:\/\/miljoegruppen.dk\/wp-content\/uploads\/closeup-shot-of-roof-tiles-covered-in-rust-under-t-2023-11-27-05-10-54-utc-edited-683x1024.webp 683w, https:\/\/miljoegruppen.dk\/wp-content\/uploads\/closeup-shot-of-roof-tiles-covered-in-rust-under-t-2023-11-27-05-10-54-utc-edited-200x300.webp 200w, https:\/\/miljoegruppen.dk\/wp-content\/uploads\/closeup-shot-of-roof-tiles-covered-in-rust-under-t-2023-11-27-05-10-54-utc-edited-768x1152.webp 768w, https:\/\/miljoegruppen.dk\/wp-content\/uploads\/closeup-shot-of-roof-tiles-covered-in-rust-under-t-2023-11-27-05-10-54-utc-edited-1024x1536.webp 1024w, https:\/\/miljoegruppen.dk\/wp-content\/uploads\/closeup-shot-of-roof-tiles-covered-in-rust-under-t-2023-11-27-05-10-54-utc-edited-8x12.webp 8w, https:\/\/miljoegruppen.dk\/wp-content\/uploads\/closeup-shot-of-roof-tiles-covered-in-rust-under-t-2023-11-27-05-10-54-utc-edited.webp 1280w\" sizes=\"(max-width: 683px) 100vw, 683px\" \/><\/div><\/a>\n\t\t\t\t<div class=\"elementor-post__badge\">Asbestos<\/div>\n\t\t\t\t<div class=\"elementor-post__text\">\n\t\t\t\t<h3 class=\"elementor-post__title\">\n\t\t\t<a href=\"https:\/\/miljoegruppen.dk\/en\/why-you-should-never-pressure-wash-an-asbestos-roof\/\" >\n\t\t\t\tWhy you should never pressure wash an asbestos roof\t\t\t<\/a>\n\t\t<\/h3>\n\t\t\t\t<div class=\"elementor-post__excerpt\">\n\t\t\t<p>Asbestos is a hazardous material that was previously used in many roofing sheets - especially on older buildings. Although asbestos is banned today, there are<\/p>\n\t\t<\/div>\n\t\t\t\t<\/div>\n\t\t\t\t<div class=\"elementor-post__meta-data\">\n\t\t\t\t\t<span class=\"elementor-post-date\">\n\t\t\tJune 11, 2025\t\t<\/span>\n\t\t\t\t<\/div>\n\t\t\t\t\t<\/div>\n\t\t<\/article>\n\t\t\t\t<article class=\"elementor-post elementor-grid-item post-1267 post type-post status-publish format-standard has-post-thumbnail hentry category-asbest tag-asbest-i-fliseklaeb\" role=\"listitem\">\n\t\t\t<div class=\"elementor-post__card\">\n\t\t\t\t<a class=\"elementor-post__thumbnail__link\" href=\"https:\/\/miljoegruppen.dk\/en\/asbestos-in-tile-clay\/\" tabindex=\"-1\" ><div class=\"elementor-post__thumbnail\"><img decoding=\"async\" width=\"1024\" height=\"683\" src=\"https:\/\/miljoegruppen.dk\/wp-content\/uploads\/asbest-i-fliseklaeb-1024x683.jpg\" class=\"attachment-large size-large wp-image-1268\" alt=\"asbestos in tile adhesive\" srcset=\"https:\/\/miljoegruppen.dk\/wp-content\/uploads\/asbest-i-fliseklaeb-1024x683.jpg 1024w, https:\/\/miljoegruppen.dk\/wp-content\/uploads\/asbest-i-fliseklaeb-300x200.jpg 300w, https:\/\/miljoegruppen.dk\/wp-content\/uploads\/asbest-i-fliseklaeb-768x512.jpg 768w, https:\/\/miljoegruppen.dk\/wp-content\/uploads\/asbest-i-fliseklaeb-1536x1024.jpg 1536w, https:\/\/miljoegruppen.dk\/wp-content\/uploads\/asbest-i-fliseklaeb.jpg 1920w\" sizes=\"(max-width: 1024px) 100vw, 1024px\" \/><\/div><\/a>\n\t\t\t\t<div class=\"elementor-post__badge\">Asbestos<\/div>\n\t\t\t\t<div class=\"elementor-post__text\">\n\t\t\t\t<h3 class=\"elementor-post__title\">\n\t\t\t<a href=\"https:\/\/miljoegruppen.dk\/en\/asbestos-in-tile-clay\/\" >\n\t\t\t\tAsbestos in tile adhesive\t\t\t<\/a>\n\t\t<\/h3>\n\t\t\t\t<div class=\"elementor-post__excerpt\">\n\t\t\t<p>If you suspect or have been diagnosed with asbestos in your tile adhesive, it is crucial to act quickly and responsibly. Asbestos can be harmful to your health,\t\t<\/div>\n\t\t\t\t<\/div>\n\t\t\t\t<div class=\"elementor-post__meta-data\">\n\t\t\t\t\t<span class=\"elementor-post-date\">\n\t\t\tJune 11, 2025\t\t<\/span>\n\t\t\t\t<\/div>\n\t\t\t\t\t<\/div>\n\t\t<\/article>\n\t\t\t\t<article class=\"elementor-post elementor-grid-item post-1144 post type-post status-publish format-standard has-post-thumbnail hentry category-asbest tag-hvad-er-asbest\" role=\"listitem\">\n\t\t\t<div class=\"elementor-post__card\">\n\t\t\t\t<a class=\"elementor-post__thumbnail__link\" href=\"https:\/\/miljoegruppen.dk\/en\/where-does-asbestos-come-from\/\" tabindex=\"-1\" ><div class=\"elementor-post__thumbnail\"><img decoding=\"async\" width=\"1024\" height=\"683\" src=\"https:\/\/miljoegruppen.dk\/wp-content\/uploads\/closeup-shot-of-roof-tiles-covered-in-rust-under-t-2023-11-27-05-10-54-utc-edited-1-1024x683.webp\" class=\"attachment-large size-large wp-image-1146\" alt=\"asbestos roof dismantling\" srcset=\"https:\/\/miljoegruppen.dk\/wp-content\/uploads\/closeup-shot-of-roof-tiles-covered-in-rust-under-t-2023-11-27-05-10-54-utc-edited-1-1024x683.webp 1024w, https:\/\/miljoegruppen.dk\/wp-content\/uploads\/closeup-shot-of-roof-tiles-covered-in-rust-under-t-2023-11-27-05-10-54-utc-edited-1-300x200.webp 300w, https:\/\/miljoegruppen.dk\/wp-content\/uploads\/closeup-shot-of-roof-tiles-covered-in-rust-under-t-2023-11-27-05-10-54-utc-edited-1-768x512.webp 768w, https:\/\/miljoegruppen.dk\/wp-content\/uploads\/closeup-shot-of-roof-tiles-covered-in-rust-under-t-2023-11-27-05-10-54-utc-edited-1-1536x1024.webp 1536w, https:\/\/miljoegruppen.dk\/wp-content\/uploads\/closeup-shot-of-roof-tiles-covered-in-rust-under-t-2023-11-27-05-10-54-utc-edited-1-18x12.webp 18w, https:\/\/miljoegruppen.dk\/wp-content\/uploads\/closeup-shot-of-roof-tiles-covered-in-rust-under-t-2023-11-27-05-10-54-utc-edited-1.webp 1920w\" sizes=\"(max-width: 1024px) 100vw, 1024px\" \/><\/div><\/a>\n\t\t\t\t<div class=\"elementor-post__badge\">Asbestos<\/div>\n\t\t\t\t<div class=\"elementor-post__text\">\n\t\t\t\t<h3 class=\"elementor-post__title\">\n\t\t\t<a href=\"https:\/\/miljoegruppen.dk\/en\/where-does-asbestos-come-from\/\" >\n\t\t\t\tWhere does asbestos come from and why is it dangerous?\t\t\t<\/a>\n\t\t<\/h3>\n\t\t\t\t<div class=\"elementor-post__excerpt\">\n\t\t\t<p>Asbestos is a collective term for a group of naturally occurring silicate-based minerals that form long, thin and flexible fibres.<\/p>\t\t<\/div>\n\t\t\t\t<\/div>\n\t\t\t\t<div class=\"elementor-post__meta-data\">\n\t\t\t\t\t<span class=\"elementor-post-date\">\n\t\t\tJuly 7, 2025\t\t<\/span>\n\t\t\t\t<\/div>\n\t\t\t\t\t<\/div>\n\t\t<\/article>\n\t\t\t\t<\/div>\n\t\t\t\t\t<span class=\"e-load-more-spinner\">\n\t\t\t\t<svg aria-hidden=\"true\" class=\"e-font-icon-svg e-fas-spinner\" viewbox=\"0 0 512 512\" xmlns=\"http:\/\/www.w3.org\/2000\/svg\"><path d=\"M304 48c0 26.51-21.49 48-48 48s-48-21.49-48-48 21.49-48 48-48 48 21.49 48 48zm-48 368c-26.51 0-48 21.49-48 48s21.49 48 48 48 48-21.49 48-48-21.49-48-48-48zm208-208c-26.51 0-48 21.49-48 48s21.49 48 48 48 48-21.49 48-48-21.49-48-48-48zM96 256c0-26.51-21.49-48-48-48S0 229.49 0 256s21.49 48 48 48 48-21.49 48-48zm12.922 99.078c-26.51 0-48 21.49-48 48s21.49 48 48 48 48-21.49 48-48c0-26.509-21.491-48-48-48zm294.156 0c-26.51 0-48 21.49-48 48s21.49 48 48 48 48-21.49 48-48c0-26.509-21.49-48-48-48zM108.922 60.922c-26.51 0-48 21.49-48 48s21.49 48 48 48 48-21.49 48-48-21.491-48-48-48z\"><\/path><\/svg>\t\t\t<\/span>\n\t\t\n\t\t\t\t\t\t<\/div>\n\t\t\t\t<\/div>\n\t\t\t\t<div class=\"elementor-element elementor-element-2f5a86c elementor-widget elementor-widget-heading\" data-id=\"2f5a86c\" data-element_type=\"widget\" data-e-type=\"widget\" data-widget_type=\"heading.default\">\n\t\t\t\t\t<h2 class=\"elementor-heading-title elementor-size-default\">Want to know more?<\/h2>\t\t\t\t<\/div>\n\t\t\t\t<div class=\"elementor-element elementor-element-fb9959a elementor-widget elementor-widget-text-editor\" data-id=\"fb9959a\" data-element_type=\"widget\" data-e-type=\"widget\" data-widget_type=\"text-editor.default\">\n\t\t\t\t\t\t\t\t\t<p>Here you'll find knowledge and inspiration on everything from <a href=\"\/en\/demolition\/\">demolition<\/a> and <a href=\"\/en\/asbestos-removal\/\">asbestos removal<\/a> to <a href=\"\/en\/environmental-remediation\/\">environmental remediation<\/a>. We've been working with this for many years, helping both individuals and organisations create safe and healthy environments.<\/p><p>Whether you're in the middle of a project, suspect asbestos in your building, or are just curious about what environmental remediation actually entails, you've come to the right place. We're happy to share our knowledge because we know it can make a big difference to you and your project.<\/p><p>If you have any questions or topics you would like to hear more about, you are always welcome to <a href=\"\/en\/contact\/\">Contact us<\/a>. We're here to help and guide you every step of the way - from first question to finished project.<\/p>\t\t\t\t\t\t\t\t<\/div>\n\t\t<div class=\"elementor-element elementor-element-e9e6703 e-con-full e-flex e-con e-child\" data-id=\"e9e6703\" data-element_type=\"container\" data-e-type=\"container\">\n\t\t\t\t<div class=\"elementor-element elementor-element-1ded07d elementor-mobile-align-justify elementor-widget elementor-widget-global elementor-global-95 elementor-widget-button\" data-id=\"1ded07d\" data-element_type=\"widget\" data-e-type=\"widget\" data-widget_type=\"button.default\">\n\t\t\t\t\t\t\t\t\t\t<a class=\"elementor-button elementor-button-link elementor-size-sm\" href=\"tel:+4566508040\">\n\t\t\t\t\t\t<span class=\"elementor-button-content-wrapper\">\n\t\t\t\t\t\t<span class=\"elementor-button-icon\">\n\t\t\t\t<svg aria-hidden=\"true\" class=\"e-font-icon-svg e-fas-phone-alt\" viewbox=\"0 0 512 512\" xmlns=\"http:\/\/www.w3.org\/2000\/svg\"><path d=\"M497.39 361.8l-112-48a24 24 0 0 0-28 6.9l-49.6 60.6A370.66 370.66 0 0 1 130.6 204.11l60.6-49.6a23.94 23.94 0 0 0 6.9-28l-48-112A24.16 24.16 0 0 0 122.6.61l-104 24A24 24 0 0 0 0 48c0 256.5 207.9 464 464 464a24 24 0 0 0 23.4-18.6l24-104a24.29 24.29 0 0 0-14.01-27.6z\"><\/path><\/svg>\t\t\t<\/span>\n\t\t\t\t\t\t\t\t\t<span class=\"elementor-button-text\">66 50 80 40<\/span>\n\t\t\t\t\t<\/span>\n\t\t\t\t\t<\/a>\n\t\t\t\t\t\t\t\t<\/div>\n\t\t\t\t<div class=\"elementor-element elementor-element-72a2682 elementor-mobile-align-justify elementor-widget elementor-widget-global elementor-global-89 elementor-widget-button\" data-id=\"72a2682\" data-element_type=\"widget\" data-e-type=\"widget\" data-widget_type=\"button.default\">\n\t\t\t\t\t\t\t\t\t\t<a class=\"elementor-button elementor-button-link elementor-size-sm\" href=\"\/en\/get-a-quote\/\">\n\t\t\t\t\t\t<span class=\"elementor-button-content-wrapper\">\n\t\t\t\t\t\t<span class=\"elementor-button-icon\">\n\t\t\t\t<svg aria-hidden=\"true\" class=\"e-font-icon-svg e-fas-calculator\" viewbox=\"0 0 448 512\" xmlns=\"http:\/\/www.w3.org\/2000\/svg\"><path d=\"M400 0H48C22.4 0 0 22.4 0 48v416c0 25.6 22.4 48 48 48h352c25.6 0 48-22.4 48-48V48c0-25.6-22.4-48-48-48zM128 435.2c0 6.4-6.4 12.8-12.8 12.8H76.8c-6.4 0-12.8-6.4-12.8-12.8v-38.4c0-6.4 6.4-12.8 12.8-12.8h38.4c6.4 0 12.8 6.4 12.8 12.8v38.4zm0-128c0 6.4-6.4 12.8-12.8 12.8H76.8c-6.4 0-12.8-6.4-12.8-12.8v-38.4c0-6.4 6.4-12.8 12.8-12.8h38.4c6.4 0 12.8 6.4 12.8 12.8v38.4zm128 128c0 6.4-6.4 12.8-12.8 12.8h-38.4c-6.4 0-12.8-6.4-12.8-12.8v-38.4c0-6.4 6.4-12.8 12.8-12.8h38.4c6.4 0 12.8 6.4 12.8 12.8v38.4zm0-128c0 6.4-6.4 12.8-12.8 12.8h-38.4c-6.4 0-12.8-6.4-12.8-12.8v-38.4c0-6.4 6.4-12.8 12.8-12.8h38.4c6.4 0 12.8 6.4 12.8 12.8v38.4zm128 128c0 6.4-6.4 12.8-12.8 12.8h-38.4c-6.4 0-12.8-6.4-12.8-12.8V268.8c0-6.4 6.4-12.8 12.8-12.8h38.4c6.4 0 12.8 6.4 12.8 12.8v166.4zm0-256c0 6.4-6.4 12.8-12.8 12.8H76.8c-6.4 0-12.8-6.4-12.8-12.8V76.8C64 70.4 70.4 64 76.8 64h294.4c6.4 0 12.8 6.4 12.8 12.8v102.4z\"><\/path><\/svg>\t\t\t<\/span>\n\t\t\t\t\t\t\t\t\t<span class=\"elementor-button-text\">Get a quote<\/span>\n\t\t\t\t\t<\/span>\n\t\t\t\t\t<\/a>\n\t\t\t\t\t\t\t\t<\/div>\n\t\t\t\t<\/div>\n\t\t\t\t\t<\/div>\n\t\t\t\t<\/div>\n\t\t\t\t<\/div>","protected":false},"excerpt":{"rendered":"<p>Blog omkring alt inden for asbest, nedrivning og milj\u00f8sanering P\u00e5 bloggen deler vi ud af vores erfaringer, giver dig indblik [&hellip;]<\/p>\n","protected":false},"author":1,"featured_media":0,"parent":0,"menu_order":0,"comment_status":"closed","ping_status":"closed","template":"","meta":{"site-sidebar-layout":"no-sidebar","site-content-layout":"","ast-site-content-layout":"full-width-container","site-content-style":"default","site-sidebar-style":"default","ast-global-header-display":"","ast-banner-title-visibility":"","ast-main-header-display":"","ast-hfb-above-header-display":"","ast-hfb-below-header-display":"","ast-hfb-mobile-header-display":"","site-post-title":"disabled","ast-breadcrumbs-content":"","ast-featured-img":"disabled","footer-sml-layout":"","ast-disable-related-posts":"","theme-transparent-header-meta":"","adv-header-id-meta":"","stick-header-meta":"","header-above-stick-meta":"","header-main-stick-meta":"","header-below-stick-meta":"","astra-migrate-meta-layouts":"default","ast-page-background-enabled":"default","ast-page-background-meta":{"desktop":{"background-color":"var(--ast-global-color-4)","background-image":"","background-repeat":"repeat","background-position":"center center","background-size":"auto","background-attachment":"scroll","background-type":"","background-media":"","overlay-type":"","overlay-color":"","overlay-opacity":"","overlay-gradient":""},"tablet":{"background-color":"","background-image":"","background-repeat":"repeat","background-position":"center center","background-size":"auto","background-attachment":"scroll","background-type":"","background-media":"","overlay-type":"","overlay-color":"","overlay-opacity":"","overlay-gradient":""},"mobile":{"background-color":"","background-image":"","background-repeat":"repeat","background-position":"center center","background-size":"auto","background-attachment":"scroll","background-type":"","background-media":"","overlay-type":"","overlay-color":"","overlay-opacity":"","overlay-gradient":""}},"ast-content-background-meta":{"desktop":{"background-color":"var(--ast-global-color-5)","background-image":"","background-repeat":"repeat","background-position":"center center","background-size":"auto","background-attachment":"scroll","background-type":"","background-media":"","overlay-type":"","overlay-color":"","overlay-opacity":"","overlay-gradient":""},"tablet":{"background-color":"var(--ast-global-color-5)","background-image":"","background-repeat":"repeat","background-position":"center center","background-size":"auto","background-attachment":"scroll","background-type":"","background-media":"","overlay-type":"","overlay-color":"","overlay-opacity":"","overlay-gradient":""},"mobile":{"background-color":"var(--ast-global-color-5)","background-image":"","background-repeat":"repeat","background-position":"center center","background-size":"auto","background-attachment":"scroll","background-type":"","background-media":"","overlay-type":"","overlay-color":"","overlay-opacity":"","overlay-gradient":""}},"footnotes":""},"class_list":["post-1105","page","type-page","status-publish","hentry"],"yoast_head":"<!-- This site is optimized with the Yoast SEO plugin v27.4 - https:\/\/yoast.com\/product\/yoast-seo-wordpress\/ -->\n<title>Blog | Milj\u00f8 Gruppen<\/title>\n<meta name=\"robots\" content=\"index, follow, max-snippet:-1, max-image-preview:large, max-video-preview:-1\" \/>\n<link rel=\"canonical\" href=\"https:\/\/miljoegruppen.dk\/en\/blog\/\" \/>\n<meta property=\"og:locale\" content=\"en_GB\" \/>\n<meta property=\"og:type\" content=\"article\" \/>\n<meta property=\"og:title\" content=\"Blog | Milj\u00f8 Gruppen\" \/>\n<meta property=\"og:description\" content=\"Blog omkring alt inden for asbest, nedrivning og milj\u00f8sanering P\u00e5 bloggen deler vi ud af vores erfaringer, giver dig indblik [&hellip;]\" \/>\n<meta property=\"og:url\" content=\"https:\/\/miljoegruppen.dk\/en\/blog\/\" \/>\n<meta property=\"og:site_name\" content=\"Milj\u00f8 Gruppen\" \/>\n<meta property=\"article:modified_time\" content=\"2025-01-08T12:47:33+00:00\" \/>\n<meta property=\"og:image\" content=\"https:\/\/miljoegruppen.dk\/wp-content\/uploads\/2024\/12\/scientist-workers-wear-protection-suit-checking-ch-2023-11-27-05-36-53-utc.webp\" \/>\n\t<meta property=\"og:image:width\" content=\"1920\" \/>\n\t<meta property=\"og:image:height\" content=\"1280\" \/>\n\t<meta property=\"og:image:type\" content=\"image\/webp\" \/>\n<meta name=\"twitter:card\" content=\"summary_large_image\" \/>\n<meta name=\"twitter:label1\" content=\"Estimated reading time\" \/>\n\t<meta name=\"twitter:data1\" content=\"1 minute\" \/>\n<script type=\"application\/ld+json\" class=\"yoast-schema-graph\">{\"@context\":\"https:\\\/\\\/schema.org\",\"@graph\":[{\"@type\":\"WebPage\",\"@id\":\"https:\\\/\\\/miljoegruppen.dk\\\/blog\\\/\",\"url\":\"https:\\\/\\\/miljoegruppen.dk\\\/blog\\\/\",\"name\":\"Blog | Milj\u00f8 Gruppen\",\"isPartOf\":{\"@id\":\"https:\\\/\\\/miljoegruppen.dk\\\/#website\"},\"datePublished\":\"2025-01-07T13:59:02+00:00\",\"dateModified\":\"2025-01-08T12:47:33+00:00\",\"breadcrumb\":{\"@id\":\"https:\\\/\\\/miljoegruppen.dk\\\/blog\\\/#breadcrumb\"},\"inLanguage\":\"en-GB\",\"potentialAction\":[{\"@type\":\"ReadAction\",\"target\":[\"https:\\\/\\\/miljoegruppen.dk\\\/blog\\\/\"]}]},{\"@type\":\"BreadcrumbList\",\"@id\":\"https:\\\/\\\/miljoegruppen.dk\\\/blog\\\/#breadcrumb\",\"itemListElement\":[{\"@type\":\"ListItem\",\"position\":1,\"name\":\"Home\",\"item\":\"https:\\\/\\\/miljoegruppen.dk\\\/\"},{\"@type\":\"ListItem\",\"position\":2,\"name\":\"Blog\"}]},{\"@type\":\"WebSite\",\"@id\":\"https:\\\/\\\/miljoegruppen.dk\\\/#website\",\"url\":\"https:\\\/\\\/miljoegruppen.dk\\\/\",\"name\":\"Milj\u00f8 Gruppen ApS\",\"description\":\"Autoriseret asbestsanering &amp; nedrivning\",\"publisher\":{\"@id\":\"https:\\\/\\\/miljoegruppen.dk\\\/#organization\"},\"alternateName\":\"Milj\u00f8gruppen\",\"potentialAction\":[{\"@type\":\"SearchAction\",\"target\":{\"@type\":\"EntryPoint\",\"urlTemplate\":\"https:\\\/\\\/miljoegruppen.dk\\\/?s={search_term_string}\"},\"query-input\":{\"@type\":\"PropertyValueSpecification\",\"valueRequired\":true,\"valueName\":\"search_term_string\"}}],\"inLanguage\":\"en-GB\"},{\"@type\":\"Organization\",\"@id\":\"https:\\\/\\\/miljoegruppen.dk\\\/#organization\",\"name\":\"Milj\u00f8 Gruppen ApS\",\"alternateName\":\"Milj\u00f8gruppen\",\"url\":\"https:\\\/\\\/miljoegruppen.dk\\\/\",\"logo\":{\"@type\":\"ImageObject\",\"inLanguage\":\"en-GB\",\"@id\":\"https:\\\/\\\/miljoegruppen.dk\\\/#\\\/schema\\\/logo\\\/image\\\/\",\"url\":\"https:\\\/\\\/miljoegruppen.dk\\\/wp-content\\\/uploads\\\/2024\\\/12\\\/Unavngivet-3-kopi-2.webp\",\"contentUrl\":\"https:\\\/\\\/miljoegruppen.dk\\\/wp-content\\\/uploads\\\/2024\\\/12\\\/Unavngivet-3-kopi-2.webp\",\"width\":750,\"height\":120,\"caption\":\"Milj\u00f8 Gruppen ApS\"},\"image\":{\"@id\":\"https:\\\/\\\/miljoegruppen.dk\\\/#\\\/schema\\\/logo\\\/image\\\/\"}}]}<\/script>\n<!-- \/ Yoast SEO plugin. -->","yoast_head_json":{"title":"Blog | Milj\u00f8 Gruppen","robots":{"index":"index","follow":"follow","max-snippet":"max-snippet:-1","max-image-preview":"max-image-preview:large","max-video-preview":"max-video-preview:-1"},"canonical":"https:\/\/miljoegruppen.dk\/en\/blog\/","og_locale":"en_GB","og_type":"article","og_title":"Blog | Milj\u00f8 Gruppen","og_description":"Blog omkring alt inden for asbest, nedrivning og milj\u00f8sanering P\u00e5 bloggen deler vi ud af vores erfaringer, giver dig indblik [&hellip;]","og_url":"https:\/\/miljoegruppen.dk\/en\/blog\/","og_site_name":"Milj\u00f8 Gruppen","article_modified_time":"2025-01-08T12:47:33+00:00","og_image":[{"width":1920,"height":1280,"url":"https:\/\/miljoegruppen.dk\/wp-content\/uploads\/2024\/12\/scientist-workers-wear-protection-suit-checking-ch-2023-11-27-05-36-53-utc.webp","type":"image\/webp"}],"twitter_card":"summary_large_image","twitter_misc":{"Estimated reading time":"1 minute"},"schema":{"@context":"https:\/\/schema.org","@graph":[{"@type":"WebPage","@id":"https:\/\/miljoegruppen.dk\/blog\/","url":"https:\/\/miljoegruppen.dk\/blog\/","name":"Blog | Milj\u00f8 Gruppen","isPartOf":{"@id":"https:\/\/miljoegruppen.dk\/#website"},"datePublished":"2025-01-07T13:59:02+00:00","dateModified":"2025-01-08T12:47:33+00:00","breadcrumb":{"@id":"https:\/\/miljoegruppen.dk\/blog\/#breadcrumb"},"inLanguage":"en-GB","potentialAction":[{"@type":"ReadAction","target":["https:\/\/miljoegruppen.dk\/blog\/"]}]},{"@type":"BreadcrumbList","@id":"https:\/\/miljoegruppen.dk\/blog\/#breadcrumb","itemListElement":[{"@type":"ListItem","position":1,"name":"Home","item":"https:\/\/miljoegruppen.dk\/"},{"@type":"ListItem","position":2,"name":"Blog"}]},{"@type":"WebSite","@id":"https:\/\/miljoegruppen.dk\/#website","url":"https:\/\/miljoegruppen.dk\/","name":"Milj\u00f8 Gruppen ApS","description":"Authorised asbestos removal &amp; demolition","publisher":{"@id":"https:\/\/miljoegruppen.dk\/#organization"},"alternateName":"Milj\u00f8gruppen","potentialAction":[{"@type":"SearchAction","target":{"@type":"EntryPoint","urlTemplate":"https:\/\/miljoegruppen.dk\/?s={search_term_string}"},"query-input":{"@type":"PropertyValueSpecification","valueRequired":true,"valueName":"search_term_string"}}],"inLanguage":"en-GB"},{"@type":"Organization","@id":"https:\/\/miljoegruppen.dk\/#organization","name":"Milj\u00f8 Gruppen ApS","alternateName":"Milj\u00f8gruppen","url":"https:\/\/miljoegruppen.dk\/","logo":{"@type":"ImageObject","inLanguage":"en-GB","@id":"https:\/\/miljoegruppen.dk\/#\/schema\/logo\/image\/","url":"https:\/\/miljoegruppen.dk\/wp-content\/uploads\/2024\/12\/Unavngivet-3-kopi-2.webp","contentUrl":"https:\/\/miljoegruppen.dk\/wp-content\/uploads\/2024\/12\/Unavngivet-3-kopi-2.webp","width":750,"height":120,"caption":"Milj\u00f8 Gruppen ApS"},"image":{"@id":"https:\/\/miljoegruppen.dk\/#\/schema\/logo\/image\/"}}]}},"_links":{"self":[{"href":"https:\/\/miljoegruppen.dk\/en\/wp-json\/wp\/v2\/pages\/1105","targetHints":{"allow":["GET"]}}],"collection":[{"href":"https:\/\/miljoegruppen.dk\/en\/wp-json\/wp\/v2\/pages"}],"about":[{"href":"https:\/\/miljoegruppen.dk\/en\/wp-json\/wp\/v2\/types\/page"}],"author":[{"embeddable":true,"href":"https:\/\/miljoegruppen.dk\/en\/wp-json\/wp\/v2\/users\/1"}],"replies":[{"embeddable":true,"href":"https:\/\/miljoegruppen.dk\/en\/wp-json\/wp\/v2\/comments?post=1105"}],"version-history":[{"count":47,"href":"https:\/\/miljoegruppen.dk\/en\/wp-json\/wp\/v2\/pages\/1105\/revisions"}],"predecessor-version":[{"id":1266,"href":"https:\/\/miljoegruppen.dk\/en\/wp-json\/wp\/v2\/pages\/1105\/revisions\/1266"}],"wp:attachment":[{"href":"https:\/\/miljoegruppen.dk\/en\/wp-json\/wp\/v2\/media?parent=1105"}],"curies":[{"name":"wp","href":"https:\/\/api.w.org\/{rel}","templated":true}]}}