{"id":416,"date":"2024-12-05T15:35:35","date_gmt":"2024-12-05T15:35:35","guid":{"rendered":"https:\/\/miljoegruppen.dk\/?page_id=416"},"modified":"2024-12-12T11:38:17","modified_gmt":"2024-12-12T11:38:17","slug":"price-calculator","status":"publish","type":"page","link":"https:\/\/miljoegruppen.dk\/en\/price-calculator\/","title":{"rendered":"Price calculator"},"content":{"rendered":"<div data-elementor-type=\"wp-page\" data-elementor-id=\"416\" class=\"elementor elementor-416\" data-elementor-post-type=\"page\">\n\t\t\t\t<div class=\"elementor-element elementor-element-4a56704 e-flex e-con-boxed e-con e-parent\" data-id=\"4a56704\" data-element_type=\"container\" data-e-type=\"container\">\n\t\t\t\t\t<div class=\"e-con-inner\">\n\t\t\t\t<div class=\"elementor-element elementor-element-d6f4cbb elementor-widget elementor-widget-html\" data-id=\"d6f4cbb\" data-element_type=\"widget\" data-e-type=\"widget\" data-widget_type=\"html.default\">\n\t\t\t\t\t<div style=\"width:100%;height:500px;\" data-fillout-id=\"pY7Q1D8YRgus\" data-fillout-embed-type=\"standard\" data-fillout-inherit-parameters data-fillout-dynamic-resize><\/div><script src=\"https:\/\/server.fillout.com\/embed\/v1\/\"><\/script>\t\t\t\t<\/div>\n\t\t\t\t\t<\/div>\n\t\t\t\t<\/div>\n\t\t\t\t<\/div>","protected":false},"excerpt":{"rendered":"","protected":false},"author":1,"featured_media":252,"parent":0,"menu_order":0,"comment_status":"closed","ping_status":"closed","template":"","meta":{"site-sidebar-layout":"no-sidebar","site-content-layout":"","ast-site-content-layout":"full-width-container","site-content-style":"default","site-sidebar-style":"default","ast-global-header-display":"","ast-banner-title-visibility":"","ast-main-header-display":"","ast-hfb-above-header-display":"","ast-hfb-below-header-display":"","ast-hfb-mobile-header-display":"","site-post-title":"disabled","ast-breadcrumbs-content":"","ast-featured-img":"disabled","footer-sml-layout":"","ast-disable-related-posts":"","theme-transparent-header-meta":"","adv-header-id-meta":"","stick-header-meta":"","header-above-stick-meta":"","header-main-stick-meta":"","header-below-stick-meta":"","astra-migrate-meta-layouts":"default","ast-page-background-enabled":"default","ast-page-background-meta":{"desktop":{"background-color":"var(--ast-global-color-4)","background-image":"","background-repeat":"repeat","background-position":"center center","background-size":"auto","background-attachment":"scroll","background-type":"","background-media":"","overlay-type":"","overlay-color":"","overlay-opacity":"","overlay-gradient":""},"tablet":{"background-color":"","background-image":"","background-repeat":"repeat","background-position":"center center","background-size":"auto","background-attachment":"scroll","background-type":"","background-media":"","overlay-type":"","overlay-color":"","overlay-opacity":"","overlay-gradient":""},"mobile":{"background-color":"","background-image":"","background-repeat":"repeat","background-position":"center center","background-size":"auto","background-attachment":"scroll","background-type":"","background-media":"","overlay-type":"","overlay-color":"","overlay-opacity":"","overlay-gradient":""}},"ast-content-background-meta":{"desktop":{"background-color":"var(--ast-global-color-5)","background-image":"","background-repeat":"repeat","background-position":"center center","background-size":"auto","background-attachment":"scroll","background-type":"","background-media":"","overlay-type":"","overlay-color":"","overlay-opacity":"","overlay-gradient":""},"tablet":{"background-color":"var(--ast-global-color-5)","background-image":"","background-repeat":"repeat","background-position":"center center","background-size":"auto","background-attachment":"scroll","background-type":"","background-media":"","overlay-type":"","overlay-color":"","overlay-opacity":"","overlay-gradient":""},"mobile":{"background-color":"var(--ast-global-color-5)","background-image":"","background-repeat":"repeat","background-position":"center center","background-size":"auto","background-attachment":"scroll","background-type":"","background-media":"","overlay-type":"","overlay-color":"","overlay-opacity":"","overlay-gradient":""}},"footnotes":""},"class_list":["post-416","page","type-page","status-publish","has-post-thumbnail","hentry"],"yoast_head":"<!-- This site is optimized with the Yoast SEO plugin v27.3 - https:\/\/yoast.com\/product\/yoast-seo-wordpress\/ -->\n<title>Beregn din pris p\u00e5 2 minutter<\/title>\n<meta name=\"description\" content=\"Hvad koster det at f\u00e5 revet asbesttag ned? Pr\u00f8v vores online prisberegner her.\" \/>\n<meta name=\"robots\" content=\"index, follow, max-snippet:-1, max-image-preview:large, max-video-preview:-1\" \/>\n<link rel=\"canonical\" href=\"https:\/\/miljoegruppen.dk\/en\/price-calculator\/\" \/>\n<meta property=\"og:locale\" content=\"en_GB\" \/>\n<meta property=\"og:type\" content=\"article\" \/>\n<meta property=\"og:title\" content=\"Beregn din pris p\u00e5 2 minutter\" \/>\n<meta property=\"og:description\" content=\"Hvad koster det at f\u00e5 revet asbesttag ned? Pr\u00f8v vores online prisberegner her.\" \/>\n<meta property=\"og:url\" content=\"https:\/\/miljoegruppen.dk\/en\/price-calculator\/\" \/>\n<meta property=\"og:site_name\" content=\"Milj\u00f8 Gruppen\" \/>\n<meta property=\"article:modified_time\" content=\"2024-12-12T11:38:17+00:00\" \/>\n<meta property=\"og:image\" content=\"https:\/\/miljoegruppen.dk\/wp-content\/uploads\/2024\/12\/closeup-shot-of-roof-tiles-covered-in-rust-under-t-2023-11-27-04-55-54-utc.webp\" \/>\n\t<meta property=\"og:image:width\" content=\"1920\" \/>\n\t<meta property=\"og:image:height\" content=\"1279\" \/>\n\t<meta property=\"og:image:type\" content=\"image\/webp\" \/>\n<meta name=\"twitter:card\" content=\"summary_large_image\" \/>\n<script type=\"application\/ld+json\" class=\"yoast-schema-graph\">{\"@context\":\"https:\\\/\\\/schema.org\",\"@graph\":[{\"@type\":\"WebPage\",\"@id\":\"https:\\\/\\\/miljoegruppen.dk\\\/prisberegner\\\/\",\"url\":\"https:\\\/\\\/miljoegruppen.dk\\\/prisberegner\\\/\",\"name\":\"Beregn din pris p\u00e5 2 minutter\",\"isPartOf\":{\"@id\":\"https:\\\/\\\/miljoegruppen.dk\\\/#website\"},\"primaryImageOfPage\":{\"@id\":\"https:\\\/\\\/miljoegruppen.dk\\\/prisberegner\\\/#primaryimage\"},\"image\":{\"@id\":\"https:\\\/\\\/miljoegruppen.dk\\\/prisberegner\\\/#primaryimage\"},\"thumbnailUrl\":\"https:\\\/\\\/miljoegruppen.dk\\\/wp-content\\\/uploads\\\/2024\\\/12\\\/closeup-shot-of-roof-tiles-covered-in-rust-under-t-2023-11-27-04-55-54-utc.webp\",\"datePublished\":\"2024-12-05T15:35:35+00:00\",\"dateModified\":\"2024-12-12T11:38:17+00:00\",\"description\":\"Hvad koster det at f\u00e5 revet asbesttag ned? Pr\u00f8v vores online prisberegner her.\",\"breadcrumb\":{\"@id\":\"https:\\\/\\\/miljoegruppen.dk\\\/prisberegner\\\/#breadcrumb\"},\"inLanguage\":\"en-GB\",\"potentialAction\":[{\"@type\":\"ReadAction\",\"target\":[\"https:\\\/\\\/miljoegruppen.dk\\\/prisberegner\\\/\"]}]},{\"@type\":\"ImageObject\",\"inLanguage\":\"en-GB\",\"@id\":\"https:\\\/\\\/miljoegruppen.dk\\\/prisberegner\\\/#primaryimage\",\"url\":\"https:\\\/\\\/miljoegruppen.dk\\\/wp-content\\\/uploads\\\/2024\\\/12\\\/closeup-shot-of-roof-tiles-covered-in-rust-under-t-2023-11-27-04-55-54-utc.webp\",\"contentUrl\":\"https:\\\/\\\/miljoegruppen.dk\\\/wp-content\\\/uploads\\\/2024\\\/12\\\/closeup-shot-of-roof-tiles-covered-in-rust-under-t-2023-11-27-04-55-54-utc.webp\",\"width\":1280,\"height\":1920,\"caption\":\"asbest tag\"},{\"@type\":\"BreadcrumbList\",\"@id\":\"https:\\\/\\\/miljoegruppen.dk\\\/prisberegner\\\/#breadcrumb\",\"itemListElement\":[{\"@type\":\"ListItem\",\"position\":1,\"name\":\"Home\",\"item\":\"https:\\\/\\\/miljoegruppen.dk\\\/\"},{\"@type\":\"ListItem\",\"position\":2,\"name\":\"Prisberegner\"}]},{\"@type\":\"WebSite\",\"@id\":\"https:\\\/\\\/miljoegruppen.dk\\\/#website\",\"url\":\"https:\\\/\\\/miljoegruppen.dk\\\/\",\"name\":\"Milj\u00f8 Gruppen ApS\",\"description\":\"Autoriseret asbestsanering &amp; nedrivning\",\"publisher\":{\"@id\":\"https:\\\/\\\/miljoegruppen.dk\\\/#organization\"},\"alternateName\":\"Milj\u00f8gruppen\",\"potentialAction\":[{\"@type\":\"SearchAction\",\"target\":{\"@type\":\"EntryPoint\",\"urlTemplate\":\"https:\\\/\\\/miljoegruppen.dk\\\/?s={search_term_string}\"},\"query-input\":{\"@type\":\"PropertyValueSpecification\",\"valueRequired\":true,\"valueName\":\"search_term_string\"}}],\"inLanguage\":\"en-GB\"},{\"@type\":\"Organization\",\"@id\":\"https:\\\/\\\/miljoegruppen.dk\\\/#organization\",\"name\":\"Milj\u00f8 Gruppen ApS\",\"alternateName\":\"Milj\u00f8gruppen\",\"url\":\"https:\\\/\\\/miljoegruppen.dk\\\/\",\"logo\":{\"@type\":\"ImageObject\",\"inLanguage\":\"en-GB\",\"@id\":\"https:\\\/\\\/miljoegruppen.dk\\\/#\\\/schema\\\/logo\\\/image\\\/\",\"url\":\"https:\\\/\\\/miljoegruppen.dk\\\/wp-content\\\/uploads\\\/2024\\\/12\\\/Unavngivet-3-kopi-2.webp\",\"contentUrl\":\"https:\\\/\\\/miljoegruppen.dk\\\/wp-content\\\/uploads\\\/2024\\\/12\\\/Unavngivet-3-kopi-2.webp\",\"width\":750,\"height\":120,\"caption\":\"Milj\u00f8 Gruppen ApS\"},\"image\":{\"@id\":\"https:\\\/\\\/miljoegruppen.dk\\\/#\\\/schema\\\/logo\\\/image\\\/\"}}]}<\/script>\n<!-- \/ Yoast SEO plugin. -->","yoast_head_json":{"title":"Calculate your price in 2 minutes","description":"How much does it cost to demolish an asbestos roof? Try our online price calculator here.","robots":{"index":"index","follow":"follow","max-snippet":"max-snippet:-1","max-image-preview":"max-image-preview:large","max-video-preview":"max-video-preview:-1"},"canonical":"https:\/\/miljoegruppen.dk\/en\/price-calculator\/","og_locale":"en_GB","og_type":"article","og_title":"Beregn din pris p\u00e5 2 minutter","og_description":"Hvad koster det at f\u00e5 revet asbesttag ned? Pr\u00f8v vores online prisberegner her.","og_url":"https:\/\/miljoegruppen.dk\/en\/price-calculator\/","og_site_name":"Milj\u00f8 Gruppen","article_modified_time":"2024-12-12T11:38:17+00:00","og_image":[{"width":1920,"height":1279,"url":"https:\/\/miljoegruppen.dk\/wp-content\/uploads\/2024\/12\/closeup-shot-of-roof-tiles-covered-in-rust-under-t-2023-11-27-04-55-54-utc.webp","type":"image\/webp"}],"twitter_card":"summary_large_image","schema":{"@context":"https:\/\/schema.org","@graph":[{"@type":"WebPage","@id":"https:\/\/miljoegruppen.dk\/prisberegner\/","url":"https:\/\/miljoegruppen.dk\/prisberegner\/","name":"Calculate your price in 2 minutes","isPartOf":{"@id":"https:\/\/miljoegruppen.dk\/#website"},"primaryImageOfPage":{"@id":"https:\/\/miljoegruppen.dk\/prisberegner\/#primaryimage"},"image":{"@id":"https:\/\/miljoegruppen.dk\/prisberegner\/#primaryimage"},"thumbnailUrl":"https:\/\/miljoegruppen.dk\/wp-content\/uploads\/2024\/12\/closeup-shot-of-roof-tiles-covered-in-rust-under-t-2023-11-27-04-55-54-utc.webp","datePublished":"2024-12-05T15:35:35+00:00","dateModified":"2024-12-12T11:38:17+00:00","description":"How much does it cost to demolish an asbestos roof? Try our online price calculator here.","breadcrumb":{"@id":"https:\/\/miljoegruppen.dk\/prisberegner\/#breadcrumb"},"inLanguage":"en-GB","potentialAction":[{"@type":"ReadAction","target":["https:\/\/miljoegruppen.dk\/prisberegner\/"]}]},{"@type":"ImageObject","inLanguage":"en-GB","@id":"https:\/\/miljoegruppen.dk\/prisberegner\/#primaryimage","url":"https:\/\/miljoegruppen.dk\/wp-content\/uploads\/2024\/12\/closeup-shot-of-roof-tiles-covered-in-rust-under-t-2023-11-27-04-55-54-utc.webp","contentUrl":"https:\/\/miljoegruppen.dk\/wp-content\/uploads\/2024\/12\/closeup-shot-of-roof-tiles-covered-in-rust-under-t-2023-11-27-04-55-54-utc.webp","width":1280,"height":1920,"caption":"asbest tag"},{"@type":"BreadcrumbList","@id":"https:\/\/miljoegruppen.dk\/prisberegner\/#breadcrumb","itemListElement":[{"@type":"ListItem","position":1,"name":"Home","item":"https:\/\/miljoegruppen.dk\/"},{"@type":"ListItem","position":2,"name":"Prisberegner"}]},{"@type":"WebSite","@id":"https:\/\/miljoegruppen.dk\/#website","url":"https:\/\/miljoegruppen.dk\/","name":"Milj\u00f8 Gruppen ApS","description":"Authorised asbestos removal &amp; demolition","publisher":{"@id":"https:\/\/miljoegruppen.dk\/#organization"},"alternateName":"Milj\u00f8gruppen","potentialAction":[{"@type":"SearchAction","target":{"@type":"EntryPoint","urlTemplate":"https:\/\/miljoegruppen.dk\/?s={search_term_string}"},"query-input":{"@type":"PropertyValueSpecification","valueRequired":true,"valueName":"search_term_string"}}],"inLanguage":"en-GB"},{"@type":"Organization","@id":"https:\/\/miljoegruppen.dk\/#organization","name":"Milj\u00f8 Gruppen ApS","alternateName":"Milj\u00f8gruppen","url":"https:\/\/miljoegruppen.dk\/","logo":{"@type":"ImageObject","inLanguage":"en-GB","@id":"https:\/\/miljoegruppen.dk\/#\/schema\/logo\/image\/","url":"https:\/\/miljoegruppen.dk\/wp-content\/uploads\/2024\/12\/Unavngivet-3-kopi-2.webp","contentUrl":"https:\/\/miljoegruppen.dk\/wp-content\/uploads\/2024\/12\/Unavngivet-3-kopi-2.webp","width":750,"height":120,"caption":"Milj\u00f8 Gruppen ApS"},"image":{"@id":"https:\/\/miljoegruppen.dk\/#\/schema\/logo\/image\/"}}]}},"_links":{"self":[{"href":"https:\/\/miljoegruppen.dk\/en\/wp-json\/wp\/v2\/pages\/416","targetHints":{"allow":["GET"]}}],"collection":[{"href":"https:\/\/miljoegruppen.dk\/en\/wp-json\/wp\/v2\/pages"}],"about":[{"href":"https:\/\/miljoegruppen.dk\/en\/wp-json\/wp\/v2\/types\/page"}],"author":[{"embeddable":true,"href":"https:\/\/miljoegruppen.dk\/en\/wp-json\/wp\/v2\/users\/1"}],"replies":[{"embeddable":true,"href":"https:\/\/miljoegruppen.dk\/en\/wp-json\/wp\/v2\/comments?post=416"}],"version-history":[{"count":22,"href":"https:\/\/miljoegruppen.dk\/en\/wp-json\/wp\/v2\/pages\/416\/revisions"}],"predecessor-version":[{"id":673,"href":"https:\/\/miljoegruppen.dk\/en\/wp-json\/wp\/v2\/pages\/416\/revisions\/673"}],"wp:featuredmedia":[{"embeddable":true,"href":"https:\/\/miljoegruppen.dk\/en\/wp-json\/wp\/v2\/media\/252"}],"wp:attachment":[{"href":"https:\/\/miljoegruppen.dk\/en\/wp-json\/wp\/v2\/media?parent=416"}],"curies":[{"name":"wp","href":"https:\/\/api.w.org\/{rel}","templated":true}]}}