{"id":973,"date":"2024-12-09T18:52:32","date_gmt":"2024-12-09T18:52:32","guid":{"rendered":"https:\/\/miljoegruppen.dk\/?page_id=973"},"modified":"2026-01-09T10:42:56","modified_gmt":"2026-01-09T10:42:56","slug":"terms-and-conditions","status":"publish","type":"page","link":"https:\/\/miljoegruppen.dk\/en\/terms-and-conditions\/","title":{"rendered":"Terms &amp; conditions"},"content":{"rendered":"<div data-elementor-type=\"wp-page\" data-elementor-id=\"973\" class=\"elementor elementor-973\" data-elementor-post-type=\"page\">\n\t\t\t\t<div class=\"elementor-element elementor-element-c0a3cbb e-flex e-con-boxed e-con e-parent\" data-id=\"c0a3cbb\" data-element_type=\"container\" data-e-type=\"container\" data-settings=\"{&quot;background_background&quot;:&quot;classic&quot;}\">\n\t\t\t\t\t<div class=\"e-con-inner\">\n\t\t<div class=\"elementor-element elementor-element-bb7fc61 e-con-full e-flex e-con e-child\" data-id=\"bb7fc61\" data-element_type=\"container\" data-e-type=\"container\" data-settings=\"{&quot;background_background&quot;:&quot;classic&quot;}\">\n\t\t\t\t<div class=\"elementor-element elementor-element-549e1e5 elementor-widget elementor-widget-heading\" data-id=\"549e1e5\" data-element_type=\"widget\" data-e-type=\"widget\" data-widget_type=\"heading.default\">\n\t\t\t\t\t<h1 class=\"elementor-heading-title elementor-size-default\">Terms &amp; Conditions<\/h1>\t\t\t\t<\/div>\n\t\t\t\t<div class=\"elementor-element elementor-element-8a17bcc elementor-widget elementor-widget-text-editor\" data-id=\"8a17bcc\" data-element_type=\"widget\" data-e-type=\"widget\" data-widget_type=\"text-editor.default\">\n\t\t\t\t\t\t\t\t\t<div class=\"mb-2 whitespace-pre-line last:mb-0\" data-sentry-component=\"P\" data-sentry-source-file=\"p.tsx\"><p>The following terms and conditions apply to all our services and collaborations. By using our services, you automatically accept these terms.<\/p><\/div><div class=\"mb-2 whitespace-pre-line last:mb-0\" data-sentry-component=\"P\" data-sentry-source-file=\"p.tsx\"><p><strong>1. Work and safety<\/strong><br \/>All work is carried out in accordance with applicable legal requirements and with a special focus on safety for both employees and customers.<\/p><\/div><div class=\"mb-2 whitespace-pre-line last:mb-0\" data-sentry-component=\"P\" data-sentry-source-file=\"p.tsx\"><p><strong>2. prices<\/strong><br \/>All prices quoted are in Danish kroner (DKK) excluding VAT.<\/p><\/div><div class=\"mb-2 whitespace-pre-line last:mb-0\" data-sentry-component=\"P\" data-sentry-source-file=\"p.tsx\"><p><strong>3. Extra work<\/strong><br \/>Work not included in the offer is invoiced at DKK 675 per hour excluding VAT and any consumption costs.<\/p><\/div><div class=\"mb-2 whitespace-pre-line last:mb-0\" data-sentry-component=\"P\" data-sentry-source-file=\"p.tsx\"><p><strong>4. Working hours<\/strong><br \/>Work is carried out during normal working hours: 06:30-16:00 on weekdays.<\/p><\/div><div class=\"mb-2 whitespace-pre-line last:mb-0\" data-sentry-component=\"P\" data-sentry-source-file=\"p.tsx\"><p><strong>5. Access to facilities<\/strong><br \/>The customer must ensure access to electricity, water and toilet\/sewerage for the recycling lorry during the work.<\/p><\/div><div class=\"mb-2 whitespace-pre-line last:mb-0\" data-sentry-component=\"P\" data-sentry-source-file=\"p.tsx\"><p><strong>6. Offers and validity<\/strong><br \/>Offers are valid for 30 days from date of issue.<\/p><\/div><div class=\"mb-2 whitespace-pre-line last:mb-0\" data-sentry-component=\"P\" data-sentry-source-file=\"p.tsx\"><p><strong>7. Terms of payment<\/strong><br \/>Payment must be made no later than 3 days net after completion of the work, unless otherwise agreed.<\/p><\/div><div class=\"mb-2 whitespace-pre-line last:mb-0\" data-sentry-component=\"P\" data-sentry-source-file=\"p.tsx\"><p><strong>8. Quality assurance<\/strong><br \/>The client is responsible for arranging 3rd party quality assurance. The quality assurance must be carried out within 48 hours after completion of the work &amp; always by an accredited laboratory, unless otherwise agreed in writing. If the quality assurance is not approved, Milj\u00f8 Gruppen ApS will carry out remediation of the selected areas at no additional cost.<br \/>If KS tests are performed, the client must inform Milj\u00f8 Gruppen ApS of this prior to start-up.<\/p><\/div><div class=\"mb-2 whitespace-pre-line last:mb-0\" data-sentry-component=\"P\" data-sentry-source-file=\"p.tsx\"><p><strong>9. Responsibility for information<\/strong><br \/>It is the customer's responsibility to inform Milj\u00f8 Gruppen ApS of all relevant building conditions, including openings in their own structures, e.g. recessed spotlights, ventilation or similar, which may affect the work. Lack of information resulting in damage is the customer's responsibility.<\/p><\/div><div class=\"mb-2 whitespace-pre-line last:mb-0\" data-sentry-component=\"P\" data-sentry-source-file=\"p.tsx\"><p><strong>10. Complaints<\/strong><br \/>As a starting point, all tasks are subject to purchase law for complaints. However, it should be noted that when the work carried out is taken over by other craftsmen, and\/or further work is carried out in the areas where Milj\u00f8 Gruppen ApS has completed its work, the complaint lapses. All objections and complaints must be submitted in writing to kontakt@miljoegruppen.dk.<\/p><\/div><div class=\"mb-2 whitespace-pre-line last:mb-0\" data-sentry-component=\"P\" data-sentry-source-file=\"p.tsx\"><p><strong>11. On-call service<\/strong><br \/>Milj\u00f8 Gruppen ApS offers 24-hour service outside normal working hours. If you contact the 24-hour service outside opening hours (08:00-16:00 on weekdays), an additional fee may be charged, which will be stated upon enquiry.<\/p><\/div><div class=\"mb-2 whitespace-pre-line last:mb-0\" data-sentry-component=\"P\" data-sentry-source-file=\"p.tsx\"><p><strong>12. New roof and demolition<\/strong><br \/>Milj\u00f8 Gruppen ApS is only responsible for dismantling the old roof containing asbestos. We do not accept responsibility for the construction of a new roof unless there is a separate written agreement.<\/p><\/div><div class=\"mb-2 whitespace-pre-line last:mb-0\" data-sentry-component=\"P\" data-sentry-source-file=\"p.tsx\"><p><strong>13. Scaffolding erection<\/strong><br \/>Milj\u00f8 Gruppen ApS only provides services in accordance with the agreed work. Any scaffolding and associated facilities must be available to Milj\u00f8 Gruppen ApS, unless otherwise agreed. Coordination, maintenance and costs are the sole responsibility of the customer and\/or the client.<\/p><\/div><div class=\"mb-2 whitespace-pre-line last:mb-0\" data-sentry-component=\"P\" data-sentry-source-file=\"p.tsx\"><p><strong>14 Insurance<\/strong><br \/>Milj\u00f8 Gruppen ApS has professional liability insurance that covers damage caused in connection with our work to the extent required by law. However, the client must ensure that relevant insurance for the building and other conditions are in place.<\/p><\/div><div class=\"mb-2 whitespace-pre-line last:mb-0\" data-sentry-component=\"P\" data-sentry-source-file=\"p.tsx\"><p><strong>15 Coordination with other tradesmen<\/strong><br \/>Milj\u00f8 Gruppen ApS is not responsible for coordinating the work with other tradesmen. This is the responsibility of the client, unless otherwise agreed in writing.<\/p><\/div><div class=\"mb-2 whitespace-pre-line last:mb-0\" data-sentry-component=\"P\" data-sentry-source-file=\"p.tsx\"><p><strong>16. clearing movable property in the attic<\/strong><br \/>Milj\u00f8 Gruppen ApS is not responsible for the removal of movable property in attics.<\/p><\/div><div class=\"mb-2 whitespace-pre-line last:mb-0\" data-sentry-component=\"P\" data-sentry-source-file=\"p.tsx\"><strong>17. Assignment of maintenance of tarpaulins<\/strong><br \/>When Milj\u00f8 Gruppen ApS has removed a roof and laid tarpaulin as a temporary cover, responsibility for maintenance, inspection and any repairs of the tarpaulin is transferred to the customer\/builder from the time the work is completed. Milj\u00f8 Gruppen ApS accepts no liability for damage resulting from lack of maintenance, storms, weather conditions or similar after the transfer, unless otherwise agreed in writing.<\/div><div data-sentry-component=\"P\" data-sentry-source-file=\"p.tsx\">\u00a0<\/div><div data-sentry-component=\"P\" data-sentry-source-file=\"p.tsx\"><strong>18. reservations regarding waste volumes and invoicing<\/strong><\/div><div data-sentry-component=\"P\" data-sentry-source-file=\"p.tsx\"><div class=\"mb-1 mt-2 whitespace-pre-line leading-relaxed first:mt-0\" data-sentry-component=\"P\" data-sentry-source-file=\"p.tsx\">The final amount of waste to be disposed of is subject to change. Billing is done in two steps:<\/div><ol><li><strong>First billing<\/strong> takes place at the end of the work and includes services without counting the amount of waste.<\/li><li><strong>Other billing<\/strong> happens when the waste has been weighed by the hauler (e.g. Junkbusters) and the actual amount of waste can be documented. Here, the exact amount of waste is invoiced.<\/li><\/ol><\/div><div data-sentry-component=\"P\" data-sentry-source-file=\"p.tsx\">\u00a0<\/div><div class=\"mb-2 whitespace-pre-line last:mb-0\" data-sentry-component=\"P\" data-sentry-source-file=\"p.tsx\"><strong>If you have any questions about our terms and conditions, you are always welcome to contact us:<\/strong><\/div><div class=\"mb-2 whitespace-pre-line last:mb-0\" data-sentry-component=\"P\" data-sentry-source-file=\"p.tsx\">Milj\u00f8 Gruppen ApS<br \/>Kvarml\u00f8sevej 36<br \/>4340 T\u00f8ll\u00f8se, Denmark<br \/>CVR: 43739131<br \/>Phone: 66 50 80 40<br \/>E-mail: <a href=\"mailto:kontakt@miljoegruppen.dk\" target=\"_blank\" rel=\"noopener noreferrer\" data-sentry-component=\"A\" data-sentry-source-file=\"a.tsx\">kontakt@miljoegruppen.dk<\/a><\/div>\t\t\t\t\t\t\t\t<\/div>\n\t\t\t\t<\/div>\n\t\t\t\t\t<\/div>\n\t\t\t\t<\/div>\n\t\t\t\t<\/div>","protected":false},"excerpt":{"rendered":"<p>Vilk\u00e5r &amp; Betingelser Nedenst\u00e5ende vilk\u00e5r og betingelser g\u00e6lder for alle vores tjenester og samarbejder. Ved at benytte vores ydelser accepterer [&hellip;]<\/p>\n","protected":false},"author":1,"featured_media":192,"parent":0,"menu_order":0,"comment_status":"closed","ping_status":"closed","template":"","meta":{"site-sidebar-layout":"no-sidebar","site-content-layout":"","ast-site-content-layout":"full-width-container","site-content-style":"default","site-sidebar-style":"default","ast-global-header-display":"","ast-banner-title-visibility":"","ast-main-header-display":"","ast-hfb-above-header-display":"","ast-hfb-below-header-display":"","ast-hfb-mobile-header-display":"","site-post-title":"disabled","ast-breadcrumbs-content":"","ast-featured-img":"disabled","footer-sml-layout":"","ast-disable-related-posts":"","theme-transparent-header-meta":"","adv-header-id-meta":"","stick-header-meta":"","header-above-stick-meta":"","header-main-stick-meta":"","header-below-stick-meta":"","astra-migrate-meta-layouts":"default","ast-page-background-enabled":"default","ast-page-background-meta":{"desktop":{"background-color":"var(--ast-global-color-4)","background-image":"","background-repeat":"repeat","background-position":"center center","background-size":"auto","background-attachment":"scroll","background-type":"","background-media":"","overlay-type":"","overlay-color":"","overlay-opacity":"","overlay-gradient":""},"tablet":{"background-color":"","background-image":"","background-repeat":"repeat","background-position":"center center","background-size":"auto","background-attachment":"scroll","background-type":"","background-media":"","overlay-type":"","overlay-color":"","overlay-opacity":"","overlay-gradient":""},"mobile":{"background-color":"","background-image":"","background-repeat":"repeat","background-position":"center center","background-size":"auto","background-attachment":"scroll","background-type":"","background-media":"","overlay-type":"","overlay-color":"","overlay-opacity":"","overlay-gradient":""}},"ast-content-background-meta":{"desktop":{"background-color":"var(--ast-global-color-5)","background-image":"","background-repeat":"repeat","background-position":"center center","background-size":"auto","background-attachment":"scroll","background-type":"","background-media":"","overlay-type":"","overlay-color":"","overlay-opacity":"","overlay-gradient":""},"tablet":{"background-color":"var(--ast-global-color-5)","background-image":"","background-repeat":"repeat","background-position":"center center","background-size":"auto","background-attachment":"scroll","background-type":"","background-media":"","overlay-type":"","overlay-color":"","overlay-opacity":"","overlay-gradient":""},"mobile":{"background-color":"var(--ast-global-color-5)","background-image":"","background-repeat":"repeat","background-position":"center center","background-size":"auto","background-attachment":"scroll","background-type":"","background-media":"","overlay-type":"","overlay-color":"","overlay-opacity":"","overlay-gradient":""}},"footnotes":""},"class_list":["post-973","page","type-page","status-publish","has-post-thumbnail","hentry"],"yoast_head":"<!-- This site is optimized with the Yoast SEO plugin v27.4 - https:\/\/yoast.com\/product\/yoast-seo-wordpress\/ -->\n<title>Vilk\u00e5r og betingelser<\/title>\n<meta name=\"description\" content=\"Se vores vilk\u00e5r og betingelser. Vi sikrer gennemsigtige aftaler og tryghed i samarbejdet.\" \/>\n<meta name=\"robots\" content=\"index, follow, max-snippet:-1, max-image-preview:large, max-video-preview:-1\" \/>\n<link rel=\"canonical\" href=\"https:\/\/miljoegruppen.dk\/en\/terms-and-conditions\/\" \/>\n<meta property=\"og:locale\" content=\"en_GB\" \/>\n<meta property=\"og:type\" content=\"article\" \/>\n<meta property=\"og:title\" content=\"Vilk\u00e5r og betingelser\" \/>\n<meta property=\"og:description\" content=\"Se vores vilk\u00e5r og betingelser. Vi sikrer gennemsigtige aftaler og tryghed i samarbejdet.\" \/>\n<meta property=\"og:url\" content=\"https:\/\/miljoegruppen.dk\/en\/terms-and-conditions\/\" \/>\n<meta property=\"og:site_name\" content=\"Milj\u00f8 Gruppen\" \/>\n<meta property=\"article:modified_time\" content=\"2026-01-09T10:42:56+00:00\" \/>\n<meta property=\"og:image\" content=\"https:\/\/miljoegruppen.dk\/wp-content\/uploads\/2024\/12\/scientist-workers-wear-protection-suit-checking-ch-2023-11-27-05-36-53-utc.webp\" \/>\n\t<meta property=\"og:image:width\" content=\"1920\" \/>\n\t<meta property=\"og:image:height\" content=\"1280\" \/>\n\t<meta property=\"og:image:type\" content=\"image\/webp\" \/>\n<meta name=\"twitter:card\" content=\"summary_large_image\" \/>\n<meta name=\"twitter:label1\" content=\"Estimated reading time\" \/>\n\t<meta name=\"twitter:data1\" content=\"4 minutes\" \/>\n<script type=\"application\/ld+json\" class=\"yoast-schema-graph\">{\"@context\":\"https:\\\/\\\/schema.org\",\"@graph\":[{\"@type\":\"WebPage\",\"@id\":\"https:\\\/\\\/miljoegruppen.dk\\\/vilkaar-og-betingelser\\\/\",\"url\":\"https:\\\/\\\/miljoegruppen.dk\\\/vilkaar-og-betingelser\\\/\",\"name\":\"Vilk\u00e5r og betingelser\",\"isPartOf\":{\"@id\":\"https:\\\/\\\/miljoegruppen.dk\\\/#website\"},\"primaryImageOfPage\":{\"@id\":\"https:\\\/\\\/miljoegruppen.dk\\\/vilkaar-og-betingelser\\\/#primaryimage\"},\"image\":{\"@id\":\"https:\\\/\\\/miljoegruppen.dk\\\/vilkaar-og-betingelser\\\/#primaryimage\"},\"thumbnailUrl\":\"https:\\\/\\\/miljoegruppen.dk\\\/wp-content\\\/uploads\\\/2024\\\/12\\\/scientist-workers-wear-protection-suit-checking-ch-2023-11-27-05-36-53-utc.webp\",\"datePublished\":\"2024-12-09T18:52:32+00:00\",\"dateModified\":\"2026-01-09T10:42:56+00:00\",\"description\":\"Se vores vilk\u00e5r og betingelser. Vi sikrer gennemsigtige aftaler og tryghed i samarbejdet.\",\"breadcrumb\":{\"@id\":\"https:\\\/\\\/miljoegruppen.dk\\\/vilkaar-og-betingelser\\\/#breadcrumb\"},\"inLanguage\":\"en-GB\",\"potentialAction\":[{\"@type\":\"ReadAction\",\"target\":[\"https:\\\/\\\/miljoegruppen.dk\\\/vilkaar-og-betingelser\\\/\"]}]},{\"@type\":\"ImageObject\",\"inLanguage\":\"en-GB\",\"@id\":\"https:\\\/\\\/miljoegruppen.dk\\\/vilkaar-og-betingelser\\\/#primaryimage\",\"url\":\"https:\\\/\\\/miljoegruppen.dk\\\/wp-content\\\/uploads\\\/2024\\\/12\\\/scientist-workers-wear-protection-suit-checking-ch-2023-11-27-05-36-53-utc.webp\",\"contentUrl\":\"https:\\\/\\\/miljoegruppen.dk\\\/wp-content\\\/uploads\\\/2024\\\/12\\\/scientist-workers-wear-protection-suit-checking-ch-2023-11-27-05-36-53-utc.webp\",\"width\":1920,\"height\":1280,\"caption\":\"asbestsanering\"},{\"@type\":\"BreadcrumbList\",\"@id\":\"https:\\\/\\\/miljoegruppen.dk\\\/vilkaar-og-betingelser\\\/#breadcrumb\",\"itemListElement\":[{\"@type\":\"ListItem\",\"position\":1,\"name\":\"Home\",\"item\":\"https:\\\/\\\/miljoegruppen.dk\\\/\"},{\"@type\":\"ListItem\",\"position\":2,\"name\":\"Vilk\u00e5r &amp; betingelser\"}]},{\"@type\":\"WebSite\",\"@id\":\"https:\\\/\\\/miljoegruppen.dk\\\/#website\",\"url\":\"https:\\\/\\\/miljoegruppen.dk\\\/\",\"name\":\"Milj\u00f8 Gruppen ApS\",\"description\":\"Autoriseret asbestsanering &amp; nedrivning\",\"publisher\":{\"@id\":\"https:\\\/\\\/miljoegruppen.dk\\\/#organization\"},\"alternateName\":\"Milj\u00f8gruppen\",\"potentialAction\":[{\"@type\":\"SearchAction\",\"target\":{\"@type\":\"EntryPoint\",\"urlTemplate\":\"https:\\\/\\\/miljoegruppen.dk\\\/?s={search_term_string}\"},\"query-input\":{\"@type\":\"PropertyValueSpecification\",\"valueRequired\":true,\"valueName\":\"search_term_string\"}}],\"inLanguage\":\"en-GB\"},{\"@type\":\"Organization\",\"@id\":\"https:\\\/\\\/miljoegruppen.dk\\\/#organization\",\"name\":\"Milj\u00f8 Gruppen ApS\",\"alternateName\":\"Milj\u00f8gruppen\",\"url\":\"https:\\\/\\\/miljoegruppen.dk\\\/\",\"logo\":{\"@type\":\"ImageObject\",\"inLanguage\":\"en-GB\",\"@id\":\"https:\\\/\\\/miljoegruppen.dk\\\/#\\\/schema\\\/logo\\\/image\\\/\",\"url\":\"https:\\\/\\\/miljoegruppen.dk\\\/wp-content\\\/uploads\\\/2024\\\/12\\\/Unavngivet-3-kopi-2.webp\",\"contentUrl\":\"https:\\\/\\\/miljoegruppen.dk\\\/wp-content\\\/uploads\\\/2024\\\/12\\\/Unavngivet-3-kopi-2.webp\",\"width\":750,\"height\":120,\"caption\":\"Milj\u00f8 Gruppen ApS\"},\"image\":{\"@id\":\"https:\\\/\\\/miljoegruppen.dk\\\/#\\\/schema\\\/logo\\\/image\\\/\"}}]}<\/script>\n<!-- \/ Yoast SEO plugin. -->","yoast_head_json":{"title":"Terms and conditions","description":"See our terms and conditions. We ensure transparent agreements and peace of mind.","robots":{"index":"index","follow":"follow","max-snippet":"max-snippet:-1","max-image-preview":"max-image-preview:large","max-video-preview":"max-video-preview:-1"},"canonical":"https:\/\/miljoegruppen.dk\/en\/terms-and-conditions\/","og_locale":"en_GB","og_type":"article","og_title":"Vilk\u00e5r og betingelser","og_description":"Se vores vilk\u00e5r og betingelser. Vi sikrer gennemsigtige aftaler og tryghed i samarbejdet.","og_url":"https:\/\/miljoegruppen.dk\/en\/terms-and-conditions\/","og_site_name":"Milj\u00f8 Gruppen","article_modified_time":"2026-01-09T10:42:56+00:00","og_image":[{"width":1920,"height":1280,"url":"https:\/\/miljoegruppen.dk\/wp-content\/uploads\/2024\/12\/scientist-workers-wear-protection-suit-checking-ch-2023-11-27-05-36-53-utc.webp","type":"image\/webp"}],"twitter_card":"summary_large_image","twitter_misc":{"Estimated reading time":"4 minutes"},"schema":{"@context":"https:\/\/schema.org","@graph":[{"@type":"WebPage","@id":"https:\/\/miljoegruppen.dk\/vilkaar-og-betingelser\/","url":"https:\/\/miljoegruppen.dk\/vilkaar-og-betingelser\/","name":"Terms and conditions","isPartOf":{"@id":"https:\/\/miljoegruppen.dk\/#website"},"primaryImageOfPage":{"@id":"https:\/\/miljoegruppen.dk\/vilkaar-og-betingelser\/#primaryimage"},"image":{"@id":"https:\/\/miljoegruppen.dk\/vilkaar-og-betingelser\/#primaryimage"},"thumbnailUrl":"https:\/\/miljoegruppen.dk\/wp-content\/uploads\/2024\/12\/scientist-workers-wear-protection-suit-checking-ch-2023-11-27-05-36-53-utc.webp","datePublished":"2024-12-09T18:52:32+00:00","dateModified":"2026-01-09T10:42:56+00:00","description":"See our terms and conditions. We ensure transparent agreements and peace of mind.","breadcrumb":{"@id":"https:\/\/miljoegruppen.dk\/vilkaar-og-betingelser\/#breadcrumb"},"inLanguage":"en-GB","potentialAction":[{"@type":"ReadAction","target":["https:\/\/miljoegruppen.dk\/vilkaar-og-betingelser\/"]}]},{"@type":"ImageObject","inLanguage":"en-GB","@id":"https:\/\/miljoegruppen.dk\/vilkaar-og-betingelser\/#primaryimage","url":"https:\/\/miljoegruppen.dk\/wp-content\/uploads\/2024\/12\/scientist-workers-wear-protection-suit-checking-ch-2023-11-27-05-36-53-utc.webp","contentUrl":"https:\/\/miljoegruppen.dk\/wp-content\/uploads\/2024\/12\/scientist-workers-wear-protection-suit-checking-ch-2023-11-27-05-36-53-utc.webp","width":1920,"height":1280,"caption":"asbestsanering"},{"@type":"BreadcrumbList","@id":"https:\/\/miljoegruppen.dk\/vilkaar-og-betingelser\/#breadcrumb","itemListElement":[{"@type":"ListItem","position":1,"name":"Home","item":"https:\/\/miljoegruppen.dk\/"},{"@type":"ListItem","position":2,"name":"Vilk\u00e5r &amp; betingelser"}]},{"@type":"WebSite","@id":"https:\/\/miljoegruppen.dk\/#website","url":"https:\/\/miljoegruppen.dk\/","name":"Milj\u00f8 Gruppen ApS","description":"Authorised asbestos removal &amp; demolition","publisher":{"@id":"https:\/\/miljoegruppen.dk\/#organization"},"alternateName":"Milj\u00f8gruppen","potentialAction":[{"@type":"SearchAction","target":{"@type":"EntryPoint","urlTemplate":"https:\/\/miljoegruppen.dk\/?s={search_term_string}"},"query-input":{"@type":"PropertyValueSpecification","valueRequired":true,"valueName":"search_term_string"}}],"inLanguage":"en-GB"},{"@type":"Organization","@id":"https:\/\/miljoegruppen.dk\/#organization","name":"Milj\u00f8 Gruppen ApS","alternateName":"Milj\u00f8gruppen","url":"https:\/\/miljoegruppen.dk\/","logo":{"@type":"ImageObject","inLanguage":"en-GB","@id":"https:\/\/miljoegruppen.dk\/#\/schema\/logo\/image\/","url":"https:\/\/miljoegruppen.dk\/wp-content\/uploads\/2024\/12\/Unavngivet-3-kopi-2.webp","contentUrl":"https:\/\/miljoegruppen.dk\/wp-content\/uploads\/2024\/12\/Unavngivet-3-kopi-2.webp","width":750,"height":120,"caption":"Milj\u00f8 Gruppen ApS"},"image":{"@id":"https:\/\/miljoegruppen.dk\/#\/schema\/logo\/image\/"}}]}},"_links":{"self":[{"href":"https:\/\/miljoegruppen.dk\/en\/wp-json\/wp\/v2\/pages\/973","targetHints":{"allow":["GET"]}}],"collection":[{"href":"https:\/\/miljoegruppen.dk\/en\/wp-json\/wp\/v2\/pages"}],"about":[{"href":"https:\/\/miljoegruppen.dk\/en\/wp-json\/wp\/v2\/types\/page"}],"author":[{"embeddable":true,"href":"https:\/\/miljoegruppen.dk\/en\/wp-json\/wp\/v2\/users\/1"}],"replies":[{"embeddable":true,"href":"https:\/\/miljoegruppen.dk\/en\/wp-json\/wp\/v2\/comments?post=973"}],"version-history":[{"count":34,"href":"https:\/\/miljoegruppen.dk\/en\/wp-json\/wp\/v2\/pages\/973\/revisions"}],"predecessor-version":[{"id":1752,"href":"https:\/\/miljoegruppen.dk\/en\/wp-json\/wp\/v2\/pages\/973\/revisions\/1752"}],"wp:featuredmedia":[{"embeddable":true,"href":"https:\/\/miljoegruppen.dk\/en\/wp-json\/wp\/v2\/media\/192"}],"wp:attachment":[{"href":"https:\/\/miljoegruppen.dk\/en\/wp-json\/wp\/v2\/media?parent=973"}],"curies":[{"name":"wp","href":"https:\/\/api.w.org\/{rel}","templated":true}]}}